{"id":470,"date":"2025-02-26T10:22:35","date_gmt":"2025-02-26T10:22:35","guid":{"rendered":"https:\/\/swtor-online.com.pl\/?page_id=470"},"modified":"2025-02-26T10:22:37","modified_gmt":"2025-02-26T10:22:37","slug":"nasi-pisarze","status":"publish","type":"page","link":"https:\/\/swtor-online.com.pl\/ro\/nasi-pisarze\/","title":{"rendered":"Scriitorii no\u0219tri"},"content":{"rendered":"","protected":false},"excerpt":{"rendered":"","protected":false},"author":1,"featured_media":0,"parent":0,"menu_order":0,"comment_status":"closed","ping_status":"closed","template":"","meta":{"_acf_changed":false,"footnotes":""},"class_list":["post-470","page","type-page","status-publish","hentry"],"acf":[],"yoast_head":"<!-- This site is optimized with the Yoast SEO plugin v23.2 - https:\/\/yoast.com\/wordpress\/plugins\/seo\/ -->\n<title>Nasi pisarze - swtor-online.com.pl<\/title>\n<meta name=\"description\" content=\"Przedstawiamy naszych autor\u00f3w \u2013 znawc\u00f3w mody, kt\u00f3rzy dziel\u0105 si\u0119 inspiracjami, trendami i poradami dla ka\u017cdego stylu!\" \/>\n<meta name=\"robots\" content=\"index, follow, max-snippet:-1, max-image-preview:large, max-video-preview:-1\" \/>\n<link rel=\"canonical\" href=\"https:\/\/swtor-online.com.pl\/ro\/nasi-pisarze\/\" \/>\n<meta property=\"og:locale\" content=\"ro_RO\" \/>\n<meta property=\"og:type\" content=\"article\" \/>\n<meta property=\"og:title\" content=\"Nasi pisarze - swtor-online.com.pl\" \/>\n<meta property=\"og:description\" content=\"Przedstawiamy naszych autor\u00f3w \u2013 znawc\u00f3w mody, kt\u00f3rzy dziel\u0105 si\u0119 inspiracjami, trendami i poradami dla ka\u017cdego stylu!\" \/>\n<meta property=\"og:url\" content=\"https:\/\/swtor-online.com.pl\/ro\/nasi-pisarze\/\" \/>\n<meta property=\"og:site_name\" content=\"swtor-online.com.pl\" \/>\n<meta property=\"article:modified_time\" content=\"2025-02-26T10:22:37+00:00\" \/>\n<meta name=\"twitter:card\" content=\"summary_large_image\" \/>\n<meta name=\"twitter:label1\" content=\"Timp estimat pentru citire\" \/>\n\t<meta name=\"twitter:data1\" content=\"1 minut\" \/>\n<script type=\"application\/ld+json\" class=\"yoast-schema-graph\">{\"@context\":\"https:\/\/schema.org\",\"@graph\":[{\"@type\":\"WebPage\",\"@id\":\"https:\/\/swtor-online.com.pl\/nasi-pisarze\/\",\"url\":\"https:\/\/swtor-online.com.pl\/nasi-pisarze\/\",\"name\":\"Nasi pisarze - swtor-online.com.pl\",\"isPartOf\":{\"@id\":\"https:\/\/swtor-online.com.pl\/#website\"},\"datePublished\":\"2025-02-26T10:22:35+00:00\",\"dateModified\":\"2025-02-26T10:22:37+00:00\",\"description\":\"Przedstawiamy naszych autor\u00f3w \u2013 znawc\u00f3w mody, kt\u00f3rzy dziel\u0105 si\u0119 inspiracjami, trendami i poradami dla ka\u017cdego stylu!\",\"breadcrumb\":{\"@id\":\"https:\/\/swtor-online.com.pl\/nasi-pisarze\/#breadcrumb\"},\"inLanguage\":\"ro-RO\",\"potentialAction\":[{\"@type\":\"ReadAction\",\"target\":[\"https:\/\/swtor-online.com.pl\/nasi-pisarze\/\"]}]},{\"@type\":\"BreadcrumbList\",\"@id\":\"https:\/\/swtor-online.com.pl\/nasi-pisarze\/#breadcrumb\",\"itemListElement\":[{\"@type\":\"ListItem\",\"position\":1,\"name\":\"Home\",\"item\":\"https:\/\/swtor-online.com.pl\/\"},{\"@type\":\"ListItem\",\"position\":2,\"name\":\"Nasi pisarze\"}]},{\"@type\":\"WebSite\",\"@id\":\"https:\/\/swtor-online.com.pl\/#website\",\"url\":\"https:\/\/swtor-online.com.pl\/\",\"name\":\"swtor-online.com.pl\",\"description\":\"Bluza z rogami: wyra\u017a swoj\u0105 indywidualno\u015b\u0107.\",\"potentialAction\":[{\"@type\":\"SearchAction\",\"target\":{\"@type\":\"EntryPoint\",\"urlTemplate\":\"https:\/\/swtor-online.com.pl\/?s={search_term_string}\"},\"query-input\":\"required name=search_term_string\"}],\"inLanguage\":\"ro-RO\"}]}<\/script>\n<!-- \/ Yoast SEO plugin. -->","yoast_head_json":{"title":"Nasi pisarze - swtor-online.com.pl","description":"Przedstawiamy naszych autor\u00f3w \u2013 znawc\u00f3w mody, kt\u00f3rzy dziel\u0105 si\u0119 inspiracjami, trendami i poradami dla ka\u017cdego stylu!","robots":{"index":"index","follow":"follow","max-snippet":"max-snippet:-1","max-image-preview":"max-image-preview:large","max-video-preview":"max-video-preview:-1"},"canonical":"https:\/\/swtor-online.com.pl\/ro\/nasi-pisarze\/","og_locale":"ro_RO","og_type":"article","og_title":"Nasi pisarze - swtor-online.com.pl","og_description":"Przedstawiamy naszych autor\u00f3w \u2013 znawc\u00f3w mody, kt\u00f3rzy dziel\u0105 si\u0119 inspiracjami, trendami i poradami dla ka\u017cdego stylu!","og_url":"https:\/\/swtor-online.com.pl\/ro\/nasi-pisarze\/","og_site_name":"swtor-online.com.pl","article_modified_time":"2025-02-26T10:22:37+00:00","twitter_card":"summary_large_image","twitter_misc":{"Timp estimat pentru citire":"1 minut"},"schema":{"@context":"https:\/\/schema.org","@graph":[{"@type":"WebPage","@id":"https:\/\/swtor-online.com.pl\/nasi-pisarze\/","url":"https:\/\/swtor-online.com.pl\/nasi-pisarze\/","name":"Nasi pisarze - swtor-online.com.pl","isPartOf":{"@id":"https:\/\/swtor-online.com.pl\/#website"},"datePublished":"2025-02-26T10:22:35+00:00","dateModified":"2025-02-26T10:22:37+00:00","description":"Przedstawiamy naszych autor\u00f3w \u2013 znawc\u00f3w mody, kt\u00f3rzy dziel\u0105 si\u0119 inspiracjami, trendami i poradami dla ka\u017cdego stylu!","breadcrumb":{"@id":"https:\/\/swtor-online.com.pl\/nasi-pisarze\/#breadcrumb"},"inLanguage":"ro-RO","potentialAction":[{"@type":"ReadAction","target":["https:\/\/swtor-online.com.pl\/nasi-pisarze\/"]}]},{"@type":"BreadcrumbList","@id":"https:\/\/swtor-online.com.pl\/nasi-pisarze\/#breadcrumb","itemListElement":[{"@type":"ListItem","position":1,"name":"Home","item":"https:\/\/swtor-online.com.pl\/"},{"@type":"ListItem","position":2,"name":"Nasi pisarze"}]},{"@type":"WebSite","@id":"https:\/\/swtor-online.com.pl\/#website","url":"https:\/\/swtor-online.com.pl\/","name":"swtor-online.com.pl","description":"Bluza z rogami: wyra\u017a swoj\u0105 indywidualno\u015b\u0107.","potentialAction":[{"@type":"SearchAction","target":{"@type":"EntryPoint","urlTemplate":"https:\/\/swtor-online.com.pl\/?s={search_term_string}"},"query-input":"required name=search_term_string"}],"inLanguage":"ro-RO"}]}},"yoast_meta":{"yoast_wpseo_title":"","yoast_wpseo_metadesc":"","yoast_wpseo_canonical":"https:\/\/swtor-online.com.pl\/ro\/wp-json\/wp\/v2\/pages\/470"},"_links":{"self":[{"href":"https:\/\/swtor-online.com.pl\/ro\/wp-json\/wp\/v2\/pages\/470"}],"collection":[{"href":"https:\/\/swtor-online.com.pl\/ro\/wp-json\/wp\/v2\/pages"}],"about":[{"href":"https:\/\/swtor-online.com.pl\/ro\/wp-json\/wp\/v2\/types\/page"}],"author":[{"embeddable":true,"href":"https:\/\/swtor-online.com.pl\/ro\/wp-json\/wp\/v2\/users\/1"}],"replies":[{"embeddable":true,"href":"https:\/\/swtor-online.com.pl\/ro\/wp-json\/wp\/v2\/comments?post=470"}],"version-history":[{"count":1,"href":"https:\/\/swtor-online.com.pl\/ro\/wp-json\/wp\/v2\/pages\/470\/revisions"}],"predecessor-version":[{"id":471,"href":"https:\/\/swtor-online.com.pl\/ro\/wp-json\/wp\/v2\/pages\/470\/revisions\/471"}],"wp:attachment":[{"href":"https:\/\/swtor-online.com.pl\/ro\/wp-json\/wp\/v2\/media?parent=470"}],"curies":[{"name":"wp","href":"https:\/\/api.w.org\/{rel}","templated":true}]}}